{"id":2,"date":"2012-11-21T13:27:13","date_gmt":"2012-11-21T14:27:33","guid":{"rendered":"http:\/\/solvent-trap.iip.de\/?page_id=2"},"modified":"2021-03-22T09:44:53","modified_gmt":"2021-03-22T07:44:53","slug":"beispiel-seite","status":"publish","type":"page","link":"https:\/\/analyte.de\/?page_id=2","title":{"rendered":"Schutz vor Geisterpeaks"},"content":{"rendered":"<h1>Geisterpeaks<\/h1>\n<p>Geisterpeaks und schlechte Grundlinien sind ein weit verbreitetes Problem bei der Durchf\u00fchrung von Gradienten-Trennungen in der RP-HPLC. Diese St\u00f6rungen entstehen durch Spuren von Verunreinigungen in den verwendeten L\u00f6sungsmittel und Reagenzien.&nbsp; Eine weitere, nicht zu untersch\u00e4tzende Quelle sind die verwendeten Ger\u00e4te (Gef\u00e4\u00dfe, Fritten, Dichtungen, Pumpe, Ventile, Mischkammer etc.).<\/p>\n<p>Durch den Einatz hochreiner L\u00f6sungsmittel und Reagenzien und durch intensive und langwierige Sp\u00fclvorg\u00e4nge lassen sich solche St\u00f6rungen meist beseitigen. Dies ist jedoch sehr zeit- und kostenintensiv!<\/p>\n<p>Eine preiswerte Alternative ist die Ghost-Guard-LC, welche schnell f\u00fcr Abhilfe sorgt: Geisterpeaks verschwinden und man erh\u00e4lt eine brauchbare Baisilinie:<\/p>\n<p>Abbildung 1: Chromatogram eines Leergradienten mit (unten) und ohne (oben) Ghost-Guard-LC:<br \/>\n<a href=\"http:\/\/ghost.analyte.de\/wp-content\/uploads\/2014\/09\/2012-12-07_02-CM00083900-chrom-640x478.jpg\"><img loading=\"lazy\" decoding=\"async\" class=\"alignnone size-full wp-image-354\" src=\"http:\/\/ghost.analyte.de\/wp-content\/uploads\/2014\/09\/2012-12-07_02-CM00083900-chrom-640x478.jpg\" alt=\"2012-12-07_02-CM00083900-chrom-640x478\" width=\"640\" height=\"478\" srcset=\"https:\/\/analyte.de\/wp-content\/uploads\/2014\/09\/2012-12-07_02-CM00083900-chrom-640x478.jpg 640w, https:\/\/analyte.de\/wp-content\/uploads\/2014\/09\/2012-12-07_02-CM00083900-chrom-640x478-300x224.jpg 300w, https:\/\/analyte.de\/wp-content\/uploads\/2014\/09\/2012-12-07_02-CM00083900-chrom-640x478-600x448.jpg 600w, https:\/\/analyte.de\/wp-content\/uploads\/2014\/09\/2012-12-07_02-CM00083900-chrom-640x478-624x466.jpg 624w\" sizes=\"auto, (max-width: 640px) 100vw, 640px\" \/><\/a><\/p>\n<h3>Vorteile der Ghost-Guard-LC<\/h3>\n<div id=\"attachment_699\" style=\"width: 810px\" class=\"wp-caption alignnone\"><a href=\"https:\/\/analyte.de\/?attachment_id=699\" rel=\"attachment wp-att-699\"><img loading=\"lazy\" decoding=\"async\" aria-describedby=\"caption-attachment-699\" class=\"size-full wp-image-699\" src=\"https:\/\/analyte.de\/wp-content\/uploads\/2020\/02\/Ghost-Guard-LC_ANP00001_box_800.jpg\" alt=\"\" width=\"800\" height=\"800\" srcset=\"https:\/\/analyte.de\/wp-content\/uploads\/2020\/02\/Ghost-Guard-LC_ANP00001_box_800.jpg 800w, https:\/\/analyte.de\/wp-content\/uploads\/2020\/02\/Ghost-Guard-LC_ANP00001_box_800-150x150.jpg 150w, https:\/\/analyte.de\/wp-content\/uploads\/2020\/02\/Ghost-Guard-LC_ANP00001_box_800-300x300.jpg 300w, https:\/\/analyte.de\/wp-content\/uploads\/2020\/02\/Ghost-Guard-LC_ANP00001_box_800-768x768.jpg 768w, https:\/\/analyte.de\/wp-content\/uploads\/2020\/02\/Ghost-Guard-LC_ANP00001_box_800-600x600.jpg 600w, https:\/\/analyte.de\/wp-content\/uploads\/2020\/02\/Ghost-Guard-LC_ANP00001_box_800-624x624.jpg 624w\" sizes=\"auto, (max-width: 800px) 100vw, 800px\" \/><\/a><p id=\"caption-attachment-699\" class=\"wp-caption-text\">Ghost-Guard-LC S\u00e4ule<\/p><\/div>\n<ul>\n<li>Geisterpeaks werden effektiv entfernt<\/li>\n<li>Preisg\u00fcnstig<\/li>\n<li>Einfach in der Installation und Anwendung<\/li>\n<li>Rascher Erfolg<\/li>\n<li>Kompatibel mit allen handels\u00fcblichen HPLC-Ger\u00e4ten<\/li>\n<li>Kompatibel mit allen g\u00e4ngigen organischen L\u00f6sungsmitteln und w\u00e4ssrigen Pufferl\u00f6sungen<\/li>\n<li>pH-stabil (von pH 2 bis pH 8)<\/li>\n<li>&#8222;In-line&#8220;: Geringes zus\u00e4tzliches Dwell-Volumen<br \/>\n&#8222;On-line&#8220;: Kein zus\u00e4tzliches Dwell-Volumen<\/li>\n<li>&#8222;In-line&#8220;: Geringer zus\u00e4tzlicher R\u00fcckdruck<br \/>\n&#8222;On-line&#8220;: Kein zus\u00e4tzlicher R\u00fcckdruck<\/li>\n<\/ul>\n<h3>&#8222;On-line&#8220; HPLC-Gar\u00e4teaufbau mit Ghost-Guard-LC Reinigungss\u00e4ule (Niederdruck-Gradientenpumpe)<\/h3>\n<p><a href=\"http:\/\/ghost.analyte.de\/wp-content\/uploads\/2017\/10\/201709-GG-Online-1.jpg\"><img loading=\"lazy\" decoding=\"async\" class=\"alignnone wp-image-501 size-full\" src=\"http:\/\/ghost.analyte.de\/wp-content\/uploads\/2017\/10\/201709-GG-Online-1.jpg\" width=\"640\" height=\"448\" srcset=\"https:\/\/analyte.de\/wp-content\/uploads\/2017\/10\/201709-GG-Online-1.jpg 640w, https:\/\/analyte.de\/wp-content\/uploads\/2017\/10\/201709-GG-Online-1-300x210.jpg 300w, https:\/\/analyte.de\/wp-content\/uploads\/2017\/10\/201709-GG-Online-1-600x420.jpg 600w, https:\/\/analyte.de\/wp-content\/uploads\/2017\/10\/201709-GG-Online-1-624x437.jpg 624w\" sizes=\"auto, (max-width: 640px) 100vw, 640px\" \/><\/a><\/p>\n<h3>&#8222;In-line&#8220; HPLC-Gar\u00e4teaufbau mit Ghost-Guard-LC Reinigungss\u00e4ule (Niederdruck-Gradientenpumpe)<\/h3>\n<p style=\"text-align: center;\"><a href=\"http:\/\/ghost.analyte.de\/wp-content\/uploads\/2017\/10\/201709-GG-Inline-1.jpg\"><img loading=\"lazy\" decoding=\"async\" class=\"alignnone wp-image-499 size-full\" src=\"http:\/\/ghost.analyte.de\/wp-content\/uploads\/2017\/10\/201709-GG-Inline-1.jpg\" width=\"640\" height=\"448\" srcset=\"https:\/\/analyte.de\/wp-content\/uploads\/2017\/10\/201709-GG-Inline-1.jpg 640w, https:\/\/analyte.de\/wp-content\/uploads\/2017\/10\/201709-GG-Inline-1-300x210.jpg 300w, https:\/\/analyte.de\/wp-content\/uploads\/2017\/10\/201709-GG-Inline-1-600x420.jpg 600w, https:\/\/analyte.de\/wp-content\/uploads\/2017\/10\/201709-GG-Inline-1-624x437.jpg 624w\" sizes=\"auto, (max-width: 640px) 100vw, 640px\" \/><\/a><\/p>\n<h3>&#8222;In-line&#8220; HPLC-Gar\u00e4teaufbau mit Ghost-Guard-LC Reinigungss\u00e4ule (Hochdruck-Gradientenpumpe)<\/h3>\n<p><a href=\"http:\/\/ghost.analyte.de\/wp-content\/uploads\/2017\/10\/201709-GG-InlineHP-1.jpg\"><img loading=\"lazy\" decoding=\"async\" class=\"alignnone wp-image-500 size-full\" src=\"http:\/\/ghost.analyte.de\/wp-content\/uploads\/2017\/10\/201709-GG-InlineHP-1.jpg\" width=\"640\" height=\"448\" srcset=\"https:\/\/analyte.de\/wp-content\/uploads\/2017\/10\/201709-GG-InlineHP-1.jpg 640w, https:\/\/analyte.de\/wp-content\/uploads\/2017\/10\/201709-GG-InlineHP-1-300x210.jpg 300w, https:\/\/analyte.de\/wp-content\/uploads\/2017\/10\/201709-GG-InlineHP-1-600x420.jpg 600w, https:\/\/analyte.de\/wp-content\/uploads\/2017\/10\/201709-GG-InlineHP-1-624x437.jpg 624w\" sizes=\"auto, (max-width: 640px) 100vw, 640px\" \/><\/a><\/p>\n<h3>Ghost-Guard-LC Qualit\u00e4tskontrolle<\/h3>\n<p style=\"text-align: left;\">Jede Ghost-Guard-LC wird vordem Versand durch unsere Qualit\u00e4tskontrolle \u00fcberpr\u00fcft und mit einem chargenbezogenen Analysenzertifikat ausgeliefert.<\/p>\n<p style=\"text-align: left;\"><a title=\"Kontakt\" href=\"http:\/\/ghost.analyte.de\/?page_id=12\">&gt;&gt; Kontakt<\/a><\/p>\n","protected":false},"excerpt":{"rendered":"<p>Geisterpeaks Geisterpeaks und schlechte Grundlinien sind ein weit verbreitetes Problem bei der Durchf\u00fchrung von Gradienten-Trennungen in der RP-HPLC. Diese St\u00f6rungen entstehen durch Spuren von Verunreinigungen in den verwendeten L\u00f6sungsmittel und Reagenzien.&nbsp; Eine weitere, nicht zu untersch\u00e4tzende Quelle sind die verwendeten Ger\u00e4te (Gef\u00e4\u00dfe, Fritten, Dichtungen, Pumpe, Ventile, Mischkammer etc.). Durch den Einatz hochreiner L\u00f6sungsmittel und Reagenzien [&hellip;]<\/p>\n","protected":false},"author":1,"featured_media":0,"parent":0,"menu_order":1,"comment_status":"closed","ping_status":"closed","template":"","meta":{"_bbp_topic_count":0,"_bbp_reply_count":0,"_bbp_total_topic_count":0,"_bbp_total_reply_count":0,"_bbp_voice_count":0,"_bbp_anonymous_reply_count":0,"_bbp_topic_count_hidden":0,"_bbp_reply_count_hidden":0,"_bbp_forum_subforum_count":0,"footnotes":""},"class_list":["post-2","page","type-page","status-publish","hentry"],"_links":{"self":[{"href":"https:\/\/analyte.de\/index.php?rest_route=\/wp\/v2\/pages\/2","targetHints":{"allow":["GET"]}}],"collection":[{"href":"https:\/\/analyte.de\/index.php?rest_route=\/wp\/v2\/pages"}],"about":[{"href":"https:\/\/analyte.de\/index.php?rest_route=\/wp\/v2\/types\/page"}],"author":[{"embeddable":true,"href":"https:\/\/analyte.de\/index.php?rest_route=\/wp\/v2\/users\/1"}],"replies":[{"embeddable":true,"href":"https:\/\/analyte.de\/index.php?rest_route=%2Fwp%2Fv2%2Fcomments&post=2"}],"version-history":[{"count":49,"href":"https:\/\/analyte.de\/index.php?rest_route=\/wp\/v2\/pages\/2\/revisions"}],"predecessor-version":[{"id":724,"href":"https:\/\/analyte.de\/index.php?rest_route=\/wp\/v2\/pages\/2\/revisions\/724"}],"wp:attachment":[{"href":"https:\/\/analyte.de\/index.php?rest_route=%2Fwp%2Fv2%2Fmedia&parent=2"}],"curies":[{"name":"wp","href":"https:\/\/api.w.org\/{rel}","templated":true}]}}