{"id":76,"date":"2012-11-22T09:52:17","date_gmt":"2012-11-22T07:52:17","guid":{"rendered":"http:\/\/solvent-trap.iip.de\/?page_id=76"},"modified":"2019-09-02T10:50:11","modified_gmt":"2019-09-02T08:50:11","slug":"disclaimer","status":"publish","type":"page","link":"https:\/\/analyte.de\/?page_id=76","title":{"rendered":"Disclaimer DE"},"content":{"rendered":"<h3><strong>Die Kontaktdaten des Unternehmens:<\/strong><\/h3>\n<table style=\"height: 12px;\" border=\"0\" width=\"323\">\n<tbody>\n<tr>\n<td>Unternehmensbezeichnung: ANALYTE &#8211; Analytical Support Inh. Dr. Hans J. Ziegler<br \/>\nTelefonnummer: 06068 7599042<br \/>\nE-Mail Adresse: info[at]analyte.de<\/td>\n<\/tr>\n<\/tbody>\n<\/table>\n<h3>Datenschutzerkl\u00e4rung<\/h3>\n<table border=\"0\">\n<tbody>\n<tr>\n<td>Sie erhalten als Nutzer unserer Internetseite in dieser Datenschutzerkl\u00e4rung alle notwendigen Informationen dar\u00fcber, wie, in welchem Umfang sowie zu welchem Zweck wir oder Drittanbieter Daten von Ihnen erheben und diese verwenden. Die Erhebung und Nutzung Ihrer Daten erfolgt streng nach den Vorgaben des Bundesdatenschutzgesetzes (BDSG) und des Telemediengesetzes (TMG). Wir f\u00fchlen uns der Vertraulichkeit Ihrer personenbezogenen Daten besonders verpflichtet und arbeiten deshalb streng innerhalb der Grenzen, die die gesetzlichen Vorgaben uns setzen. Die Erhebung dieser personenbezogenen Daten erfolgt auf freiwilliger Basis, wenn uns das m\u00f6glich ist. Auch geben wir diese Daten nur mit Ihrer ausdr\u00fccklichen Zustimmung an Dritte weiter. Wir sorgen bei besonders vertraulichen Daten wie im Zahlungsverkehr oder im Hinblick auf Ihre Anfragen an uns durch Einsatz einer SSL-Verschl\u00fcsselung f\u00fcr hohe Sicherheit. Wir m\u00f6chten es aber an dieser Stelle nicht vers\u00e4umen, auf die allgemeinen Gefahren der Internetnutzung hinzuweisen, auf die wir keinen Einfluss haben. Besonders im E-Mail-Verkehr sind Ihre Daten ohne weitere Vorkehrungen nicht sicher und k\u00f6nnen unter Umst\u00e4nden von Dritten erfasst werden.<\/td>\n<\/tr>\n<\/tbody>\n<\/table>\n<h3><strong>Auskunft, L\u00f6schung, Sperrung<\/strong><\/h3>\n<table border=\"0\">\n<tbody>\n<tr>\n<td>Sie erhalten jederzeit unentgeltlich Auskunft \u00fcber die von uns gespeicherten personenbezogenen Daten zu Ihrer Person sowie zur Herkunft, dem Empf\u00e4nger und dem Zweck von Datenerhebung sowie Datenverarbeitung. Au\u00dferdem haben Sie das Recht, die Berichtigung, die Sperrung oder L\u00f6schung Ihrer Daten zu verlangen. Ausgenommen davon sind Daten, die aufgrund gesetzlicher Vorschriften aufbewahrt oder zur ordnungsgem\u00e4\u00dfen Gesch\u00e4ftsabwicklung ben\u00f6tigt werden. Damit eine Datensperre jederzeit realisiert werden kann, werden Daten zu Kontrollzwecken in einer Sperrdatei vorgehalten. Werden Daten nicht von einer gesetzlichen Archivierungspflicht erfasst, l\u00f6schen wir Ihre Daten auf Ihren Wunsch. Greift die Archivierungspflicht, sperren wir Ihre Daten. F\u00fcr alle Fragen und Anliegen zur Berichtigung, Sperrung oder L\u00f6schung von personenbezogenen Daten wenden Sie sich bitte an unseren Datenschutzbeauftragten unter den Kontaktdaten in dieser Datenschutzerkl\u00e4rung bzw. an die im Impressum genannte Adresse.<\/td>\n<\/tr>\n<\/tbody>\n<\/table>\n<h3><strong>Cookies<\/strong><\/h3>\n<table border=\"0\">\n<tbody>\n<tr>\n<td>Wir verwenden auf unserer Webseite Cookies. Diese kleinen Textdateien werden von unserem Server aus auf Ihrem PC gespeichert. Sie unterst\u00fctzen die Darstellung unserer Webseite und helfen Ihnen, sich auf unserer Webseite zu bewegen. Cookies erfassen Daten zu Ihrer IP-Adresse, zu Ihrem Browser, Ihrem Betriebssystem und Ihrer Internetverbindung. Diese Informationen verbinden wir nicht mit personenbezogenen Daten und geben sie nicht an Dritte weiter. Keinesfalls werden Cookies von uns dazu benutzt, Schad- oder Spionageprogramme auf Ihren Rechner zu bringen. Sie k\u00f6nnen unsere Webseite auch ohne den Einsatz von Cookies nutzen, wodurch m\u00f6glicherweise einige Darstellungen und Funktionen unseres Angebots nur eingeschr\u00e4nkt arbeiten. Wenn Sie die Cookies deaktivieren m\u00f6chten, k\u00f6nnen Sie das \u00fcber spezielle Einstellungen Ihres Browsers erreichen. Nutzen Sie bitte dessen Hilfsfunktion, um die entsprechenden \u00c4nderungen vornehmen zu k\u00f6nnen. Online-Anzeigen-Cookies k\u00f6nnen Sie \u00fcber folgende Links verwalten: http:\/\/www.aboutads.info\/choices f\u00fcr die USA http:\/\/www.youronlinechoices.com\/uk\/your-ad-choices f\u00fcr Europa<\/td>\n<\/tr>\n<\/tbody>\n<\/table>\n<h3><strong>Personenbezogene Daten<\/strong><\/h3>\n<table border=\"0\">\n<tbody>\n<tr>\n<td>Personenbezogene Daten erheben wir im Rahmen von Datenvermeidung und Datensparsamkeit nur in dem Ausma\u00df und so lange, wie es zur Nutzung unserer Webseite notwendig ist, beziehungsweise vom Gesetzgeber vorgeschrieben wird. Wir nehmen den Schutz Ihrer pers\u00f6nlichen Daten ernst und halten uns bei Erhebung und Verarbeitung personenbezogener Daten streng an die entsprechenden gesetzlichen Vorschriften und an diese Datenschutzerkl\u00e4rung. F\u00e4llt der Zweck der Datenerhebung weg oder ist das Ende der gesetzlichen Speicherfrist erreicht, werden die erhobenen Daten gesperrt oder gel\u00f6scht. Regelm\u00e4\u00dfig kann unsere Webseite ohne die Weitergabe pers\u00f6nlicher Daten genutzt werden. Wenn wir personenbezogene Daten erheben \u2013 etwa Ihren Namen, Ihre Anschrift oder Ihre E-Mail-Adresse \u2013 erfolgt diese Datenerhebung freiwillig. Ohne eine ausdr\u00fccklich erteilte Zustimmung von Ihrer Seite werden diese Daten Dritten nicht zur Kenntnis gebracht. Beachten Sie bitte, dass Daten im Internet allgemein nicht immer sicher \u00fcbertragen werden. Besonders im E-Mail-Verkehr kann der Schutz beim Datenaustausch nicht garantiert werden.<\/td>\n<\/tr>\n<\/tbody>\n<\/table>\n<h3><strong>SSL-Verschl\u00fcsselung<\/strong><\/h3>\n<table border=\"0\">\n<tbody>\n<tr>\n<td>Unsere Webseite bedient sich einer SSL-Verschl\u00fcsselung, wenn es um die \u00dcbermittlung vertraulicher oder pers\u00f6nlicher Inhalte unserer Nutzer geht. Diese Verschl\u00fcsslung wird zum Beispiel bei der Abwicklung des Zahlungsverkehrs sowie bei Anfragen aktiviert, die Sie an uns \u00fcber unsere Webseite stellen. Achten Sie bitte darauf, dass die SSL-Verschl\u00fcsselung bei entsprechenden Aktivit\u00e4ten von Ihrer Seite her aktiviert ist. Der Einsatz der Verschl\u00fcsselung ist leicht zu erkennen: Die Anzeige in Ihrer Browserzeile wechselt von \u201ehttp:\/\/\u201c zu \u201ehttps:\/\/\u201c. \u00dcber SSL verschl\u00fcsselte Daten sind nicht von Dritten lesbar. \u00dcbermitteln Sie Ihre vertraulichen Informationen nur bei aktivierter SSL-Verschl\u00fcsselung und wenden Sie sich im Zweifel an uns.<\/td>\n<\/tr>\n<\/tbody>\n<\/table>\n<h3><strong>Widerspruch Werbe-E-Mails<\/strong><\/h3>\n<table border=\"0\">\n<tbody>\n<tr>\n<td>Im Rahmen der gesetzlichen Impressumspflicht m\u00fcssen wir unsere Kontaktdaten ver\u00f6ffentlichen. Diese werden von dritten Personen teilweise zur \u00dcbersendung nicht erw\u00fcnschter Werbung und Informationen genutzt. Wir widersprechen hiermit jeglicher von uns nicht ausdr\u00fccklich autorisierten \u00dcbersendung von Werbematerial aller Art. Wir behalten uns ferner ausdr\u00fccklich rechtliche Schritte gegen die unerw\u00fcnschte und unverlangte Zusendung von Werbematerial vor. Dies gilt insbesondere f\u00fcr sogenannte Spam-E-Mails, Spam-Briefe und Spam-Faxe. Wir weisen darauf hin, dass die unautorisierte \u00dcbermittlung von Werbematerial sowohl wettbewerbsrechtliche, zivilrechtliche und strafrechtliche Tatbest\u00e4nde ber\u00fchren kann. Speziell Spam-E-Mails und Spam-Faxe k\u00f6nnen zu hohen Schadensersatzforderungen f\u00fchren, wenn sie den Gesch\u00e4ftsbetrieb durch<br \/>\n\u00dcberf\u00fcllung von Postf\u00e4chern oder Faxger\u00e4ten st\u00f6ren.<\/td>\n<\/tr>\n<\/tbody>\n<\/table>\n<h3>Haftung f\u00fcr Inhalte<\/h3>\n<table border=\"0\">\n<tbody>\n<tr>\n<td>Die Inhalte unserer Seiten wurden mit gr\u00f6\u00dfter Sorgfalt erstellt. F\u00fcr die Richtigkeit, Vollst\u00e4ndigkeit und Aktualit\u00e4t der Inhalte k\u00f6nnen wir jedoch keine Gew\u00e4hr \u00fcbernehmen.<br \/>\nAls Diensteanbieter sind wir gem\u00e4\u00df \u00a7 7 Abs.1 TMG f\u00fcr eigene Inhalte auf diesen Seiten nach den allgemeinen Gesetzen verantwortlich. Nach \u00a7\u00a7 8 bis 10 TMG sind wir als Diensteanbieter jedoch nicht verpflichtet, \u00fcbermittelte oder gespeicherte fremde Informationen zu \u00fcberwachen oder nach Umst\u00e4nden zu forschen, die auf eine rechtswidrige T\u00e4tigkeit hinweisen. Verpflichtungen zur Entfernung oder Sperrung der Nutzung von Informationen nach den allgemeinen Gesetzen bleiben hiervon unber\u00fchrt. Eine diesbez\u00fcgliche Haftung ist jedoch erst ab dem Zeitpunkt der Kenntnis einer konkreten Rechtsverletzung m\u00f6glich. Bei bekannt werden von entsprechenden Rechtsverletzungen werden wir diese Inhalte umgehend entfernen.<\/td>\n<\/tr>\n<\/tbody>\n<\/table>\n<h3>Haftung f\u00fcr Links<\/h3>\n<table border=\"0\">\n<tbody>\n<tr>\n<td>Unser Angebot enth\u00e4lt Links zu externen Webseiten Dritter, auf deren Inhalte wir keinen Einfluss haben. Deshalb k\u00f6nnen wir f\u00fcr diese fremden Inhalte auch keine Gew\u00e4hr \u00fcbernehmen. F\u00fcr die Inhalte der verlinkten Seiten ist stets der jeweilige Anbieter oder Betreiber der Seiten verantwortlich. Die verlinkten Seiten wurden zum Zeitpunkt der Verlinkung auf m\u00f6gliche Rechtsverst\u00f6\u00dfe \u00fcberpr\u00fcft. Rechtswidrige Inhalte waren zum Zeitpunkt der Verlinkung nicht erkennbar. Eine permanente inhaltliche Kontrolle der verlinkten Seiten ist jedoch ohne konkrete Anhaltspunkte einer Rechtsverletzung nicht zumutbar. Bei bekannt werden von Rechtsverletzungen werden wir derartige Links umgehend entfernen.<\/td>\n<\/tr>\n<\/tbody>\n<\/table>\n<h3>Urheberrecht<\/h3>\n<table border=\"0\">\n<tbody>\n<tr>\n<td>Die durch die Seitenbetreiber erstellten Inhalte und Werke auf diesen Seiten unterliegen dem deutschen Urheberrecht. Beitr\u00e4ge Dritter sind als solche gekennzeichnet. Die Vervielf\u00e4ltigung, Bearbeitung, Verbreitung und jede Art der Verwertung au\u00dferhalb der Grenzen des Urheberrechtes bed\u00fcrfen der schriftlichen Zustimmung des jeweiligen Autors bzw. Erstellers. Downloads und Kopien dieser Seite sind nur f\u00fcr den privaten, nicht kommerziellen Gebrauch gestattet.<br \/>\nDie Betreiber der Seiten sind bem\u00fcht, stets die Urheberrechte anderer zu beachten bzw. auf selbst erstellte sowie lizenzfreie Werke zur\u00fcckzugreifen.<\/td>\n<\/tr>\n<\/tbody>\n<\/table>\n<h3>Downloads<\/h3>\n<p>Das Herunterladen der Dateien erfolgt auf eigene Gefahr. Wir \u00fcbernehmen keinerlei Haftung f\u00fcr Sch\u00e4den (z.B. Sch\u00e4den durch Viren), die direkt oder indirekt durch die Benutzung der Dateien entstehen. Dies gilt insbesondere dann, wenn diese Dateien f\u00fcr strafbare Handlungen eingesetzt werden.<\/p>\n","protected":false},"excerpt":{"rendered":"<p>Die Kontaktdaten des Unternehmens: Unternehmensbezeichnung: ANALYTE &#8211; Analytical Support Inh. Dr. Hans J. Ziegler Telefonnummer: 06068 7599042 E-Mail Adresse: info[at]analyte.de Datenschutzerkl\u00e4rung Sie erhalten als Nutzer unserer Internetseite in dieser Datenschutzerkl\u00e4rung alle notwendigen Informationen dar\u00fcber, wie, in welchem Umfang sowie zu welchem Zweck wir oder Drittanbieter Daten von Ihnen erheben und diese verwenden. Die Erhebung und [&hellip;]<\/p>\n","protected":false},"author":1,"featured_media":0,"parent":0,"menu_order":0,"comment_status":"closed","ping_status":"closed","template":"","meta":{"_bbp_topic_count":0,"_bbp_reply_count":0,"_bbp_total_topic_count":0,"_bbp_total_reply_count":0,"_bbp_voice_count":0,"_bbp_anonymous_reply_count":0,"_bbp_topic_count_hidden":0,"_bbp_reply_count_hidden":0,"_bbp_forum_subforum_count":0,"footnotes":""},"class_list":["post-76","page","type-page","status-publish","hentry"],"_links":{"self":[{"href":"https:\/\/analyte.de\/index.php?rest_route=\/wp\/v2\/pages\/76","targetHints":{"allow":["GET"]}}],"collection":[{"href":"https:\/\/analyte.de\/index.php?rest_route=\/wp\/v2\/pages"}],"about":[{"href":"https:\/\/analyte.de\/index.php?rest_route=\/wp\/v2\/types\/page"}],"author":[{"embeddable":true,"href":"https:\/\/analyte.de\/index.php?rest_route=\/wp\/v2\/users\/1"}],"replies":[{"embeddable":true,"href":"https:\/\/analyte.de\/index.php?rest_route=%2Fwp%2Fv2%2Fcomments&post=76"}],"version-history":[{"count":8,"href":"https:\/\/analyte.de\/index.php?rest_route=\/wp\/v2\/pages\/76\/revisions"}],"predecessor-version":[{"id":681,"href":"https:\/\/analyte.de\/index.php?rest_route=\/wp\/v2\/pages\/76\/revisions\/681"}],"wp:attachment":[{"href":"https:\/\/analyte.de\/index.php?rest_route=%2Fwp%2Fv2%2Fmedia&parent=76"}],"curies":[{"name":"wp","href":"https:\/\/api.w.org\/{rel}","templated":true}]}}