{"id":9,"date":"2012-11-21T15:34:46","date_gmt":"2012-11-21T13:34:46","guid":{"rendered":"http:\/\/solvent-trap.iip.de\/?page_id=9"},"modified":"2020-02-03T16:26:43","modified_gmt":"2020-02-03T14:26:43","slug":"product","status":"publish","type":"page","link":"https:\/\/analyte.de\/?page_id=9","title":{"rendered":"Produkt"},"content":{"rendered":"<h2>Ghost-Guard-LC<\/h2>\n<div id=\"attachment_698\" style=\"width: 810px\" class=\"wp-caption alignnone\"><a href=\"https:\/\/analyte.de\/?attachment_id=698\" rel=\"attachment wp-att-698\"><img loading=\"lazy\" decoding=\"async\" aria-describedby=\"caption-attachment-698\" src=\"https:\/\/analyte.de\/wp-content\/uploads\/2020\/02\/Ghost-Guard-LC_ANP00001_800.jpg\" alt=\"\" width=\"800\" height=\"600\" class=\"size-full wp-image-698\" srcset=\"https:\/\/analyte.de\/wp-content\/uploads\/2020\/02\/Ghost-Guard-LC_ANP00001_800.jpg 800w, https:\/\/analyte.de\/wp-content\/uploads\/2020\/02\/Ghost-Guard-LC_ANP00001_800-300x225.jpg 300w, https:\/\/analyte.de\/wp-content\/uploads\/2020\/02\/Ghost-Guard-LC_ANP00001_800-768x576.jpg 768w, https:\/\/analyte.de\/wp-content\/uploads\/2020\/02\/Ghost-Guard-LC_ANP00001_800-600x450.jpg 600w, https:\/\/analyte.de\/wp-content\/uploads\/2020\/02\/Ghost-Guard-LC_ANP00001_800-624x468.jpg 624w\" sizes=\"auto, (max-width: 800px) 100vw, 800px\" \/><\/a><p id=\"caption-attachment-698\" class=\"wp-caption-text\">Ghost-Guard-LC 4.6 x 30 mm<\/p><\/div>\n<div id=\"attachment_701\" style=\"width: 810px\" class=\"wp-caption alignnone\"><a href=\"https:\/\/analyte.de\/?attachment_id=701\" rel=\"attachment wp-att-701\"><img loading=\"lazy\" decoding=\"async\" aria-describedby=\"caption-attachment-701\" src=\"https:\/\/analyte.de\/wp-content\/uploads\/2020\/02\/Ghost-Guard-LC_ANP00008_800.jpg\" alt=\"\" width=\"800\" height=\"600\" class=\"size-full wp-image-701\" srcset=\"https:\/\/analyte.de\/wp-content\/uploads\/2020\/02\/Ghost-Guard-LC_ANP00008_800.jpg 800w, https:\/\/analyte.de\/wp-content\/uploads\/2020\/02\/Ghost-Guard-LC_ANP00008_800-300x225.jpg 300w, https:\/\/analyte.de\/wp-content\/uploads\/2020\/02\/Ghost-Guard-LC_ANP00008_800-768x576.jpg 768w, https:\/\/analyte.de\/wp-content\/uploads\/2020\/02\/Ghost-Guard-LC_ANP00008_800-600x450.jpg 600w, https:\/\/analyte.de\/wp-content\/uploads\/2020\/02\/Ghost-Guard-LC_ANP00008_800-624x468.jpg 624w\" sizes=\"auto, (max-width: 800px) 100vw, 800px\" \/><\/a><p id=\"caption-attachment-701\" class=\"wp-caption-text\">Ghost-Guard-LC 4.6 x 50 mm<\/p><\/div>\n<h2>Bestellinformationen<\/h2>\n<table border=\"1\" width=\"400\" cellspacing=\"0\" cellpadding=\"0\">\n<tbody>\n<tr>\n<td style=\"text-align: center;\" valign=\"top\" width=\"300\"><strong><em>Produkt<\/em><\/strong><\/td>\n<td style=\"text-align: center;\" valign=\"top\" width=\"100\"><strong><em>Art.-No.<\/em><\/strong><\/td>\n<\/tr>\n<tr>\n<td valign=\"top\">Ghost-Guard-LC 4.6 mm Innendurchmesser und 30 mm L\u00e4nge<\/td>\n<td style=\"text-align: center;\" valign=\"top\">ANP00001<\/td>\n<\/tr>\n<tr>\n<td valign=\"top\">Ghost-Guard-LC 4.6 mm Innendurchmesser und 30 mm L\u00e4nge &#8211; Refill<\/td>\n<td style=\"text-align: center;\" valign=\"top\">ANP00002<\/td>\n<\/tr>\n<tr>\n<td valign=\"top\">Ghost-Guard-LC 4.6 mm Innendurchmesser und 50 mm L\u00e4nge<\/td>\n<td style=\"text-align: center;\" valign=\"top\">ANP00008<\/td>\n<\/tr>\n<tr>\n<td valign=\"top\">Ghost-Guard-LC 4.6 mm Innendurchmesser und 50 mm L\u00e4nge &#8211; Refill<\/td>\n<td style=\"text-align: center;\" valign=\"top\">ANP00009<\/td>\n<\/tr>\n<\/tbody>\n<\/table>\n<p>Alle Lieferungen erfolgen Ex Works (EXW).<\/p>\n<p>Jede Ghost-Guard-LC wird mit einem chargenbezogenen Analysenzertifikat ausgeliefert!<\/p>\n<p>Andere Abmessungen nach R\u00fccksprache m\u00f6glich!<\/p>\n<h2>Refill<\/h2>\n<p>Sparen Sie bares Geld und senden Sie uns Ihre gebrauchte Ghost-Guard-LC zum Refill zur\u00fcck!<\/p>\n<h2>Entsorgung<\/h2>\n<p>Jede gebrauchte Ghost-Guard-LC k\u00f6nnen Sie uns zur fachgerechten Entsorgung zur\u00fccksenden!<\/p>\n<h1>\u00a0Anwendungshinweise<\/h1>\n<ul>\n<li>Unpolare Reagenzien in der mobilen Phase k\u00f6nnen von der Ghost-Guard-LC zur\u00fcckgehalten werden (z. B. <strong>Ionenpaar-Reagenzien<\/strong>). Dies f\u00fchrt dann zu ver\u00e4nderten Retentionszeiten und\/oder Peakformen!<\/li>\n<li><a title=\"Schutz vor Geisterpeaks\" href=\"http:\/\/ghost.analyte.de\/\">&#8222;In-line&#8220;-Installation<\/a>: Das Dwell-Volumen und der Druck wird durch den Einbau der Ghost-Guard-LC etwas erh\u00f6ht. Verwendet man die <a title=\"Schutz vor Geisterpeaks\" href=\"http:\/\/ghost.analyte.de\/\">&#8222;On-line&#8220;-Installation<\/a> werden weder der Druck noch das Dwell-Volumen ver\u00e4ndert.<\/li>\n<li>Die Ghost-Guard-LC ist in der Lage Spuren unpolarer Verunreinigungen (welche meist zu Geisterpeaks f\u00fchren) effektiv zu entfernen. Geister-\/Systempeaks mit anderer Ursache<br \/>\n(z. B. Elektronische Effekte) k\u00f6nnen nicht entfernt werden<\/li>\n<\/ul>\n","protected":false},"excerpt":{"rendered":"<p>Ghost-Guard-LC Bestellinformationen Produkt Art.-No. Ghost-Guard-LC 4.6 mm Innendurchmesser und 30 mm L\u00e4nge ANP00001 Ghost-Guard-LC 4.6 mm Innendurchmesser und 30 mm L\u00e4nge &#8211; Refill ANP00002 Ghost-Guard-LC 4.6 mm Innendurchmesser und 50 mm L\u00e4nge ANP00008 Ghost-Guard-LC 4.6 mm Innendurchmesser und 50 mm L\u00e4nge &#8211; Refill ANP00009 Alle Lieferungen erfolgen Ex Works (EXW). Jede Ghost-Guard-LC wird mit einem [&hellip;]<\/p>\n","protected":false},"author":1,"featured_media":0,"parent":0,"menu_order":3,"comment_status":"closed","ping_status":"closed","template":"","meta":{"_bbp_topic_count":0,"_bbp_reply_count":0,"_bbp_total_topic_count":0,"_bbp_total_reply_count":0,"_bbp_voice_count":0,"_bbp_anonymous_reply_count":0,"_bbp_topic_count_hidden":0,"_bbp_reply_count_hidden":0,"_bbp_forum_subforum_count":0,"footnotes":""},"class_list":["post-9","page","type-page","status-publish","hentry"],"_links":{"self":[{"href":"https:\/\/analyte.de\/index.php?rest_route=\/wp\/v2\/pages\/9","targetHints":{"allow":["GET"]}}],"collection":[{"href":"https:\/\/analyte.de\/index.php?rest_route=\/wp\/v2\/pages"}],"about":[{"href":"https:\/\/analyte.de\/index.php?rest_route=\/wp\/v2\/types\/page"}],"author":[{"embeddable":true,"href":"https:\/\/analyte.de\/index.php?rest_route=\/wp\/v2\/users\/1"}],"replies":[{"embeddable":true,"href":"https:\/\/analyte.de\/index.php?rest_route=%2Fwp%2Fv2%2Fcomments&post=9"}],"version-history":[{"count":41,"href":"https:\/\/analyte.de\/index.php?rest_route=\/wp\/v2\/pages\/9\/revisions"}],"predecessor-version":[{"id":722,"href":"https:\/\/analyte.de\/index.php?rest_route=\/wp\/v2\/pages\/9\/revisions\/722"}],"wp:attachment":[{"href":"https:\/\/analyte.de\/index.php?rest_route=%2Fwp%2Fv2%2Fmedia&parent=9"}],"curies":[{"name":"wp","href":"https:\/\/api.w.org\/{rel}","templated":true}]}}